{"id":2,"date":"2018-05-03T16:41:30","date_gmt":"2018-05-03T14:41:30","guid":{"rendered":"http:\/\/www.fransson.se\/?page_id=2"},"modified":"2022-05-23T15:58:07","modified_gmt":"2022-05-23T13:58:07","slug":"kulladal","status":"publish","type":"page","link":"http:\/\/www.fransson.se\/?page_id=2","title":{"rendered":"Franssons Garn"},"content":{"rendered":"<p>Garner &#8211; F\u00e4rg\u00e4mnen &#8211; Kemikalier (till v\u00e4xtf\u00e4rgning)<\/p>\n<p><a href=\"http:\/\/www.fransson.se\/wp-content\/uploads\/2014\/04\/kulladal.jpg\"><img loading=\"lazy\" class=\"size-full wp-image-32 alignright\" src=\"http:\/\/www.fransson.se\/wp-content\/uploads\/2014\/04\/kulladal.jpg\" alt=\"kulladal\" width=\"193\" height=\"216\" \/><\/a><b>FRANSSONS Garn<\/b><\/p>\n<p><b>Vi har allt f\u00f6r dej som v\u00e4xtf\u00e4rgar<\/b><\/p>\n<p><b><a title=\"Garnlista\" href=\"http:\/\/www.fransson.se\/?page_id=6\">Garner \u2013F\u00e4rg\u00e4mnen \u2013Kemikalier<\/a><\/b><\/p>\n<p>Kontakta mig n\u00e4r du vill komma f\u00f6r att k\u00f6pa garner och v\u00e4xtf\u00e4rgningsmaterial<\/p>\n<p><b>V\u00c4LKOMNA !<\/b><br \/>\nGun Fransson<br \/>\nEnskild firma, hobbyverksamhet<br \/>\nSj\u00f6gatan 2<br \/>\n571 40 N\u00e4ssj\u00f6<br \/>\nMobil: 073-9287570<br \/>\nE-mail: <a href=\"mailto:gun@fransson.se\">gun@fransson.se<\/a><\/p>\n","protected":false},"excerpt":{"rendered":"<p>Garner &#8211; F\u00e4rg\u00e4mnen &#8211; Kemikalier (till v\u00e4xtf\u00e4rgning) FRANSSONS Garn Vi har allt f\u00f6r dej som v\u00e4xtf\u00e4rgar Garner \u2013F\u00e4rg\u00e4mnen \u2013Kemikalier Kontakta mig n\u00e4r du vill komma f\u00f6r att k\u00f6pa garner och v\u00e4xtf\u00e4rgningsmaterial V\u00c4LKOMNA ! Gun Fransson Enskild firma, hobbyverksamhet Sj\u00f6gatan 2 571 40 N\u00e4ssj\u00f6 Mobil: 073-9287570 E-mail: gun@fransson.se<\/p>\n","protected":false},"author":1,"featured_media":0,"parent":0,"menu_order":0,"comment_status":"open","ping_status":"closed","template":"","meta":[],"_links":{"self":[{"href":"http:\/\/www.fransson.se\/index.php?rest_route=\/wp\/v2\/pages\/2"}],"collection":[{"href":"http:\/\/www.fransson.se\/index.php?rest_route=\/wp\/v2\/pages"}],"about":[{"href":"http:\/\/www.fransson.se\/index.php?rest_route=\/wp\/v2\/types\/page"}],"author":[{"embeddable":true,"href":"http:\/\/www.fransson.se\/index.php?rest_route=\/wp\/v2\/users\/1"}],"replies":[{"embeddable":true,"href":"http:\/\/www.fransson.se\/index.php?rest_route=%2Fwp%2Fv2%2Fcomments&post=2"}],"version-history":[{"count":17,"href":"http:\/\/www.fransson.se\/index.php?rest_route=\/wp\/v2\/pages\/2\/revisions"}],"predecessor-version":[{"id":249,"href":"http:\/\/www.fransson.se\/index.php?rest_route=\/wp\/v2\/pages\/2\/revisions\/249"}],"wp:attachment":[{"href":"http:\/\/www.fransson.se\/index.php?rest_route=%2Fwp%2Fv2%2Fmedia&parent=2"}],"curies":[{"name":"wp","href":"https:\/\/api.w.org\/{rel}","templated":true}]}}