{"id":15,"date":"2014-04-05T21:09:43","date_gmt":"2014-04-05T19:09:43","guid":{"rendered":"http:\/\/www.fransson.se\/?page_id=15"},"modified":"2018-12-26T00:07:48","modified_gmt":"2018-12-25T23:07:48","slug":"cacine","status":"publish","type":"page","link":"http:\/\/www.fransson.se\/?page_id=15","title":{"rendered":"Projekt Cacine i Guinea-Bissau"},"content":{"rendered":"<h1><b><i>UTVECKLING GENOM UTBILDNING<\/i><\/b>, i CACINE i s\u00f6dra GUINEA-BISSAU<\/h1>\n<div>\n<p>Ideellt arbete inom utvecklingsf\u00f6reningen i Cacine, <i><a href=\"http:\/\/amigosdasescolas.org\/?lang=sv\">Associa\u00e7\u00e3o Amigos das Escolas de Guin\u00e9-Bissau, AAEGB<\/a><\/i><\/p>\n<p>Hemsida: <a href=\"http:\/\/amigosdasescolas.org\/?lang=sv\">http:\/\/amigosdasescolas.org<\/a><\/p>\n<p><a href=\"http:\/\/www.fransson.se\/wp-content\/uploads\/2014\/04\/cacine001.gif\"><img loading=\"lazy\" class=\"alignnone size-medium wp-image-31\" src=\"http:\/\/www.fransson.se\/wp-content\/uploads\/2014\/04\/cacine001-300x252.gif\" alt=\"cacine001\" width=\"300\" height=\"252\" \/><\/a><a href=\"http:\/\/www.fransson.se\/wp-content\/uploads\/2014\/04\/cacine002.gif\"><img loading=\"lazy\" class=\"alignnone size-medium wp-image-30\" src=\"http:\/\/www.fransson.se\/wp-content\/uploads\/2014\/04\/cacine002-300x251.gif\" alt=\"cacine002\" width=\"300\" height=\"251\" \/><\/a><\/p>\n<p><a href=\"http:\/\/fransson.com\/cacine\/INFO-blad_om_Cacine.pdf\">Info-blad om Cacine<\/a><\/p>\n<p><a href=\"http:\/\/www.fransson.se\/?attachment_id=222\">Nyhetsbrev 2018<\/a> \/ <a href=\"http:\/\/www.fransson.se\/?attachment_id=223\">Newsletter 2018<\/a><\/p>\n<\/div>\n<p><a href=\"http:\/\/www.fransson.se\/?attachment_id=192\" rel=\"attachment wp-att-192\">Newsletter 2017-12-16<\/a>\u00a0english version<\/p>\n<p><a href=\"http:\/\/www.fransson.se\/?attachment_id=191\" rel=\"attachment wp-att-191\">Nyhetsbrev 2017-12-16<\/a><\/p>\n<div>\n<p><a href=\"http:\/\/www.fransson.se\/wp-content\/uploads\/2014\/04\/Nyhetsbrev-2016-12-19.pdf\">Nyhetsbrev 2016-12-19 Jul<\/a><\/p>\n<p>N<a href=\"http:\/\/www.fransson.se\/?attachment_id=174\" rel=\"attachment wp-att-174\">ewsletter-2016-12-21<\/a>\u00a0english version<\/p>\n<p><a href=\"http:\/\/www.fransson.se\/wp-content\/uploads\/2015\/06\/Nyhetsbrev-2015-2-Jul.pdf\">Nyhetsbrev 2015 2 Jul<br \/>\n<\/a><a href=\"http:\/\/www.fransson.se\/wp-content\/uploads\/2015\/06\/Newsletter-no-2-2015-12-21.pdf\">Newsletter no 2 2015-12-21<\/a> english version<a href=\"http:\/\/fransson.com\/cacine\/INFO-blad_om_Cacine.pdf\"><br \/>\n<\/a><a href=\"http:\/\/www.fransson.se\/wp-content\/uploads\/2014\/04\/Nyhetsbrev-nr-1-2015-06-01.pdf\">Nyhetsbrev nr 1 2015-06-01<\/a><a href=\"http:\/\/www.fransson.se\/wp-content\/uploads\/2014\/04\/Newsletter-nr-2-2014-09-04.pdf\"><strong>\u00a0<\/strong><br \/>\nNewsletter nr 2- 2014-09-04<\/a> english version<br \/>\n<a href=\"http:\/\/www.fransson.se\/wp-content\/uploads\/2014\/04\/Nyhetsbrev-nr-2-2014-09-04.pdf\">Nyhetsbrev nr 2, 2014-09-04<\/a><br \/>\n<a href=\"http:\/\/www.fransson.se\/wp-content\/uploads\/2014\/04\/Nyhetsbrev-nr-1-2014-03-131.pdf\">Nyhetsbrev nr 1- 2014-03-13<\/a><br \/>\n<a href=\"http:\/\/www.fransson.se\/wp-content\/uploads\/2014\/04\/NEWSLETTER-No-1-2014-03-13.pdf\">Newsletter 2014:1<\/a> english version<br \/>\n<a href=\"http:\/\/fransson.com\/cacine\/nyhetsbrev\/2013\/2013-11-10_Nyhetsbrev_2.pdf\">Nyhetsbrev 2013:2<br \/>\n<\/a><a href=\"http:\/\/fransson.com\/cacine\/nyhetsbrev\/2013\/2013-03-10_Nyhetsbrev_1.pdf\">Nyhetsbrev 2013:1<\/a><a href=\"http:\/\/www.fransson.se\/?attachment_id=164\" rel=\"attachment wp-att-164\">nyhetsbrev-2016-12-19<\/a><br \/>\n<a href=\"http:\/\/fransson.com\/cacine\/nyhetsbrev\/2012\/2012-12-16_Nyhetsbrev_5.pdf\">Nyhetsbrev 2012:5<br \/>\n<\/a><a href=\"http:\/\/fransson.com\/cacine\/nyhetsbrev\/2012\/2012-12-16_Nyhetsbrev_5_englishversion.pdf\">Nyhetsbrev 2012:5<\/a> english version<br \/>\n<a href=\"http:\/\/fransson.com\/cacine\/nyhetsbrev\/2012\/2012-12-30_Carta_de_noticias%20_5_%20portugu%C3%AAs.pdf\">Nyhetsbrev 2012:5<\/a> vers\u00e3o em portugu\u00eas<br \/>\n<a href=\"http:\/\/fransson.com\/cacine\/nyhetsbrev\/2012\/2012-10-10_Nyhetsbrev_4.pdf\">Nyhetsbrev 2012:4<\/a><br \/>\n<a href=\"http:\/\/fransson.com\/cacine\/nyhetsbrev\/2012\/2012-03-15_Nyhetsbrev_3.pdf\">Nyhetsbrev 2012:3<\/a><br \/>\n<a href=\"http:\/\/fransson.com\/cacine\/nyhetsbrev\/2012\/2012-02-11_Nyhetsbrev_2.pdf\">Nyhetsbrev 2012:2<\/a><br \/>\n<a href=\"http:\/\/fransson.com\/cacine\/nyhetsbrev\/2012\/2012-01-19_Nyhetsbrev_1.pdf\">Nyhetsbrev 2012:1<\/a><br \/>\n<a href=\"http:\/\/fransson.com\/cacine\/nyhetsbrev\/2011\/2011-11-27_Nyhetsbrev_8.pdf\">Nyhetsbrev 2011:8<\/a><br \/>\n<a href=\"http:\/\/fransson.com\/cacine\/nyhetsbrev\/2011\/2011-11-12_Nyhetsbrev_7.pdf\">Nyhetsbrev 2011:7<\/a><br \/>\n<a href=\"http:\/\/fransson.com\/cacine\/nyhetsbrev\/2011\/2011-10-25_Nyhetsbrev_6.pdf\">Nyhetsbrev 2011:6<\/a><br \/>\n<a href=\"http:\/\/fransson.com\/cacine\/nyhetsbrev\/2011\/2011-05-10_Nyhetsbrev_5.pdf\">Nyhetsbrev 2011:5<\/a><br \/>\n<a href=\"http:\/\/fransson.com\/cacine\/nyhetsbrev\/2011\/2011-04-14_Nyhetsbrev_4.pdf\">Nyhetsbrev 2011:4<\/a><br \/>\n<a href=\"http:\/\/fransson.com\/cacine\/nyhetsbrev\/2011\/2011-03-19_Nyhetsbrev_3.pdf\">Nyhetsbrev 2011:3<\/a><br \/>\n<a href=\"http:\/\/fransson.com\/cacine\/nyhetsbrev\/2011\/2011-02-21_Nyhetsbrev_2.pdf\">Nyhetsbrev 2011:2<\/a><br \/>\n<a href=\"http:\/\/fransson.com\/cacine\/nyhetsbrev\/2011\/2011-02-10_Nyhetsbrev_1.pdf\">Nyhetsbrev 2011:1<\/a><\/p>\n<p>Tag g\u00e4rna en kontakt.<\/p>\n<p>Gun och Ulf Fransson, <a href=\"mailto:gun@fransson.se\">gun@fransson.se<\/a> eller <a href=\"mailto:ulf@fransson.se\">ulf@fransson.se<\/a><\/p>\n<\/div>\n","protected":false},"excerpt":{"rendered":"<p>UTVECKLING GENOM UTBILDNING, i CACINE i s\u00f6dra GUINEA-BISSAU Ideellt arbete inom utvecklingsf\u00f6reningen i Cacine, Associa\u00e7\u00e3o Amigos das Escolas de Guin\u00e9-Bissau, AAEGB Hemsida: http:\/\/amigosdasescolas.org Info-blad om Cacine Nyhetsbrev 2018 \/ Newsletter 2018 Newsletter 2017-12-16\u00a0english version Nyhetsbrev 2017-12-16 Nyhetsbrev 2016-12-19 Jul Newsletter-2016-12-21\u00a0english version Nyhetsbrev 2015 2 Jul Newsletter no 2 2015-12-21 english version Nyhetsbrev nr 1 2015-06-01\u00a0 &hellip; <\/p>\n<p><a class=\"more-link btn\" href=\"http:\/\/www.fransson.se\/?page_id=15\">Forts\u00e4tt l\u00e4sa<\/a><\/p>\n","protected":false},"author":1,"featured_media":0,"parent":0,"menu_order":0,"comment_status":"closed","ping_status":"closed","template":"","meta":[],"_links":{"self":[{"href":"http:\/\/www.fransson.se\/index.php?rest_route=\/wp\/v2\/pages\/15"}],"collection":[{"href":"http:\/\/www.fransson.se\/index.php?rest_route=\/wp\/v2\/pages"}],"about":[{"href":"http:\/\/www.fransson.se\/index.php?rest_route=\/wp\/v2\/types\/page"}],"author":[{"embeddable":true,"href":"http:\/\/www.fransson.se\/index.php?rest_route=\/wp\/v2\/users\/1"}],"replies":[{"embeddable":true,"href":"http:\/\/www.fransson.se\/index.php?rest_route=%2Fwp%2Fv2%2Fcomments&post=15"}],"version-history":[{"count":23,"href":"http:\/\/www.fransson.se\/index.php?rest_route=\/wp\/v2\/pages\/15\/revisions"}],"predecessor-version":[{"id":226,"href":"http:\/\/www.fransson.se\/index.php?rest_route=\/wp\/v2\/pages\/15\/revisions\/226"}],"wp:attachment":[{"href":"http:\/\/www.fransson.se\/index.php?rest_route=%2Fwp%2Fv2%2Fmedia&parent=15"}],"curies":[{"name":"wp","href":"https:\/\/api.w.org\/{rel}","templated":true}]}}