{"id":12,"date":"2014-04-05T21:04:14","date_gmt":"2014-04-05T19:04:14","guid":{"rendered":"http:\/\/www.fransson.se\/?page_id=12"},"modified":"2022-05-23T16:03:10","modified_gmt":"2022-05-23T14:03:10","slug":"consulting","status":"publish","type":"page","link":"http:\/\/www.fransson.se\/?page_id=12","title":{"rendered":"Fransson Consulting"},"content":{"rendered":"<p><strong>Utredningar inom offentlig sektor i Sverige och internationellt.<\/strong><\/p>\n<p><b>FRANSSON CONSULTING<\/b><\/p>\n<p>Ulf Fransson<br \/>\nHobbyverksamhet<br \/>\nSj\u00f6gatan 2<br \/>\n571 40 N\u00e4ssj\u00f6<br \/>\nMobil: 0730-747210<\/p>\n<p><a href=\"mailto:ulf@fransson.se\">ulf@fransson.se<\/a><\/p>\n<p><a href=\"http:\/\/www.fransson.se\/wp-content\/uploads\/2014\/04\/consulting.gif\"><img loading=\"lazy\" class=\"alignnone size-full wp-image-33\" src=\"http:\/\/www.fransson.se\/wp-content\/uploads\/2014\/04\/consulting.gif\" alt=\"consulting\" width=\"183\" height=\"192\" \/><\/a><\/p>\n<p>L\u00e5ng erfarenhet av utredningsverksamhet och projektledning inom prim\u00e4rkommuner och kommunalf\u00f6rbund samt regionf\u00f6rbund.<\/p>\n<p>Nationella och internationella uppdrag.<\/p>\n<p>V\u00e4lkommen f\u00f6r en diskussion.<\/p>\n<p>Ulf Fransson<\/p>\n","protected":false},"excerpt":{"rendered":"<p>Utredningar inom offentlig sektor i Sverige och internationellt. FRANSSON CONSULTING Ulf Fransson Hobbyverksamhet Sj\u00f6gatan 2 571 40 N\u00e4ssj\u00f6 Mobil: 0730-747210 ulf@fransson.se L\u00e5ng erfarenhet av utredningsverksamhet och projektledning inom prim\u00e4rkommuner och kommunalf\u00f6rbund samt regionf\u00f6rbund. Nationella och internationella uppdrag. V\u00e4lkommen f\u00f6r en diskussion. Ulf Fransson<\/p>\n","protected":false},"author":1,"featured_media":0,"parent":0,"menu_order":0,"comment_status":"closed","ping_status":"closed","template":"","meta":[],"_links":{"self":[{"href":"http:\/\/www.fransson.se\/index.php?rest_route=\/wp\/v2\/pages\/12"}],"collection":[{"href":"http:\/\/www.fransson.se\/index.php?rest_route=\/wp\/v2\/pages"}],"about":[{"href":"http:\/\/www.fransson.se\/index.php?rest_route=\/wp\/v2\/types\/page"}],"author":[{"embeddable":true,"href":"http:\/\/www.fransson.se\/index.php?rest_route=\/wp\/v2\/users\/1"}],"replies":[{"embeddable":true,"href":"http:\/\/www.fransson.se\/index.php?rest_route=%2Fwp%2Fv2%2Fcomments&post=12"}],"version-history":[{"count":6,"href":"http:\/\/www.fransson.se\/index.php?rest_route=\/wp\/v2\/pages\/12\/revisions"}],"predecessor-version":[{"id":251,"href":"http:\/\/www.fransson.se\/index.php?rest_route=\/wp\/v2\/pages\/12\/revisions\/251"}],"wp:attachment":[{"href":"http:\/\/www.fransson.se\/index.php?rest_route=%2Fwp%2Fv2%2Fmedia&parent=12"}],"curies":[{"name":"wp","href":"https:\/\/api.w.org\/{rel}","templated":true}]}}